{"id":1299,"date":"2022-09-17T07:22:05","date_gmt":"2022-09-17T07:22:05","guid":{"rendered":"https:\/\/www.sygene.fr\/?page_id=1299"},"modified":"2022-10-10T11:22:40","modified_gmt":"2022-10-10T11:22:40","slug":"links","status":"publish","type":"page","link":"https:\/\/www.sygene.fr\/en\/links\/","title":{"rendered":"Links"},"content":{"rendered":"<div id=\"pl-1299\"  class=\"panel-layout\" ><div id=\"pg-1299-0\"  class=\"panel-grid panel-has-style\" ><div class=\"large_container default_order panel-row-style panel-row-style-for-1299-0\" ><div id=\"pgc-1299-0-0\"  class=\"panel-grid-cell\" ><div id=\"panel-1299-0-0-0\" class=\"so-panel widget widget_empty-space panel-first-child\" data-index=\"0\" ><div\n\t\t\t\n\t\t\tclass=\"so-widget-empty-space so-widget-empty-space-default-d75171398898-1299\"\n\t\t\t\n\t\t><div class=\"empty_space_custom medium_space  \">\r\n<\/div><\/div><\/div><div id=\"panel-1299-0-0-1\" class=\"so-panel widget widget_title-r-b\" data-index=\"1\" ><div\n\t\t\t\n\t\t\tclass=\"so-widget-title-r-b so-widget-title-r-b-default-d75171398898-1299\"\n\t\t\t\n\t\t><div class=\"section_title_cust    \"><h1 class=\"heading_widget center_title dark_blue_title   weight_800   font_baske   \">LINKS<\/h1><\/div><\/div><\/div><div id=\"panel-1299-0-0-2\" class=\"so-panel widget widget_empty-space\" data-index=\"2\" ><div\n\t\t\t\n\t\t\tclass=\"so-widget-empty-space so-widget-empty-space-default-d75171398898-1299\"\n\t\t\t\n\t\t><div class=\"empty_space_custom medium_space  \">\r\n<\/div><\/div><\/div><div id=\"panel-1299-0-0-3\" class=\"so-panel widget widget_repeater-links panel-last-child\" data-index=\"3\" ><div\n\t\t\t\n\t\t\tclass=\"so-widget-repeater-links so-widget-repeater-links-default-d75171398898-1299\"\n\t\t\t\n\t\t><div class=\"list_links_items \" ><div class=\"box_custom_pst\" ><div class=\"top_part_imgg\" style=\"background-image:url('https:\/\/www.sygene.fr\/wp-content\/uploads\/2022\/10\/union.jpg');\" ><\/div><div class=\"bottom_part_pst\"><div class=\"title_pstt\"><h3>The Union des Syndicats de G\u00e9n\u00e9alogistes Professionnels is the main organisation that represents the trade of genealogists. It brings together five occupational unions including Sygene<\/h3><\/div><div class=\"button_custom_wigdets  dark_blue_bg capitalized left_button \"><a class=\"button_custom\"  href=\"http:\/\/genealogistes-france.org\/\" target=\"_blank\">Visit Link<\/a><\/div><\/div><\/div><div class=\"box_custom_pst\" ><div class=\"top_part_imgg\" style=\"background-image:url('https:\/\/www.sygene.fr\/wp-content\/uploads\/2022\/09\/christian-wiebel-UiVqqcN4cWc-unsplash.jpg');\" ><\/div><div class=\"bottom_part_pst\"><div class=\"title_pstt\"><h3>Geneanet was created by genealogy enthusiasts in 1996. It gathers a community of about two million members who freely share useful tips and facts regarding genealogy<\/h3><\/div><div class=\"button_custom_wigdets  dark_blue_bg capitalized left_button \"><a class=\"button_custom\"  href=\"http:\/\/www.geneanet.info\/\" target=\"_blank\">Visit Link<\/a><\/div><\/div><\/div><div class=\"box_custom_pst\" ><div class=\"top_part_imgg\" style=\"background-image:url('https:\/\/www.sygene.fr\/wp-content\/uploads\/2022\/10\/legigrance.jpg');\" ><\/div><div class=\"bottom_part_pst\"><div class=\"title_pstt\"><h3>Legifrance is the state-run website that makes French law publicly available on the Internet. Its content is curated by the Secr\u00e9tariat g\u00e9n\u00e9ral du gouvernement (SGG)<\/h3><\/div><div class=\"button_custom_wigdets  dark_blue_bg capitalized left_button \"><a class=\"button_custom\"  href=\"https:\/\/www.legifrance.gouv.fr\/\" target=\"_blank\">Visit Link<\/a><\/div><\/div><\/div><div class=\"box_custom_pst\" ><div class=\"top_part_imgg\" style=\"background-image:url('https:\/\/www.sygene.fr\/wp-content\/uploads\/2022\/10\/notaires.jpg');\" ><\/div><div class=\"bottom_part_pst\"><div class=\"title_pstt\"><h3>Notaires de France<\/h3><\/div><div class=\"button_custom_wigdets  dark_blue_bg capitalized left_button \"><a class=\"button_custom\"  href=\"http:\/\/www.notaires.fr\" target=\"_self\">Visit Link<\/a><\/div><\/div><\/div><\/div><\/div><\/div><\/div><\/div><\/div><div id=\"pg-1299-1\"  class=\"panel-grid panel-has-style\" ><div class=\"top_blue_bord full_container default_order panel-row-style panel-row-style-for-1299-1\" ><div id=\"pgc-1299-1-0\"  class=\"panel-grid-cell\" ><div id=\"panel-1299-1-0-0\" class=\"so-panel widget widget_empty-space panel-first-child\" data-index=\"4\" ><div\n\t\t\t\n\t\t\tclass=\"so-widget-empty-space so-widget-empty-space-default-d75171398898-1299\"\n\t\t\t\n\t\t><div class=\"empty_space_custom medium_space  \">\r\n<\/div><\/div><\/div><div id=\"panel-1299-1-0-1\" class=\"so-panel widget widget_siteorigin-panels-builder\" data-index=\"5\" ><div id=\"pl-w6343f7cf7e845\"  class=\"panel-layout\" ><div id=\"pg-w6343f7cf7e845-0\"  class=\"panel-grid panel-has-style\" ><div class=\"large_container default_order panel-row-style panel-row-style-for-w6343f7cf7e845-0\" ><div id=\"pgc-w6343f7cf7e845-0-0\"  class=\"panel-grid-cell\" ><div id=\"panel-w6343f7cf7e845-0-0-0\" class=\"so-panel widget widget_list-main-services panel-first-child panel-last-child\" data-index=\"0\" ><div\n\t\t\t\n\t\t\tclass=\"so-widget-list-main-services so-widget-list-main-services-default-d75171398898\"\n\t\t\t\n\t\t><div class=\"list_main_services hide_featured\"><div class=\"item_service_rep \" ><div class=\"top_area_serv\"><div class=\"title_serv_princ\"><a href=\"https:\/\/www.sygene.fr\/en\/services\/beneficiary\/\" class=\"link_serv_title\" >Beneficiary<\/a><\/div><div class=\"excerpt_serv\">You have been contacted by a professional genealogist or you are looking for a professional genealogist, by pressing here you will find all the useful information about our members and our profession.<\/div><\/div><a class=\"link_serv_img\" href=\"https:\/\/www.sygene.fr\/en\/services\/beneficiary\/\"><div class=\"featured_img_serv\"><div class=\"featured_img_bg\"  style=\"background-image:url('https:\/\/www.sygene.fr\/wp-content\/uploads\/2022\/09\/beneficiary1.png')\" ><\/div><div class=\"show_more_btn\">Find out More<\/div><\/div><\/a><\/div>\n\n\n\n<div class=\"item_service_rep \" ><div class=\"top_area_serv\"><div class=\"title_serv_princ\"><a href=\"https:\/\/www.sygene.fr\/en\/services\/notary-solicitor-professional\/\" class=\"link_serv_title\" >Notary \/ Solicitor \/ Professional<\/a><\/div><div class=\"excerpt_serv\">Press here to discover more information on the Professional Genealogists members of SYGENE<\/div><\/div><a class=\"link_serv_img\" href=\"https:\/\/www.sygene.fr\/en\/services\/notary-solicitor-professional\/\"><div class=\"featured_img_serv\"><div class=\"featured_img_bg\"  style=\"background-image:url('https:\/\/www.sygene.fr\/wp-content\/uploads\/2022\/09\/beneficiary.png')\" ><\/div><div class=\"show_more_btn\">Find out More<\/div><\/div><\/a><\/div>\n\n\n\n<div class=\"item_service_rep \" ><div class=\"top_area_serv\"><div class=\"title_serv_princ\"><a href=\"https:\/\/www.sygene.fr\/en\/services\/private-other-services\/\" class=\"link_serv_title\" >Private &#038; Other Services<\/a><\/div><div class=\"excerpt_serv\">You are an individual requiring a family or estate genealogy professional, please press here to get more information on the profession and our members.<\/div><\/div><a class=\"link_serv_img\" href=\"https:\/\/www.sygene.fr\/en\/services\/private-other-services\/\"><div class=\"featured_img_serv\"><div class=\"featured_img_bg\"  style=\"background-image:url('https:\/\/www.sygene.fr\/wp-content\/uploads\/2022\/09\/Service3.png')\" ><\/div><div class=\"show_more_btn\">Find out More<\/div><\/div><\/a><\/div>\n\n\n\n<\/div>\r\n\r\n\r\n<\/div><\/div><\/div><\/div><\/div><\/div><\/div><div id=\"panel-1299-1-0-2\" class=\"so-panel widget widget_empty-space panel-last-child\" data-index=\"6\" ><div\n\t\t\t\n\t\t\tclass=\"so-widget-empty-space so-widget-empty-space-default-d75171398898-1420\"\n\t\t\t\n\t\t><div class=\"empty_space_custom medium_space  \">\r\n<\/div><\/div><\/div><\/div><\/div><\/div><\/div>","protected":false},"excerpt":{"rendered":"<p>Do you want to prove rights of ownership or use of a property, know the history of a house or a business?&nbsp;Find a family genealogy firm?&nbsp;Do you need to prove the legal title of a water intake?<\/p>\n","protected":false},"author":2,"featured_media":0,"parent":0,"menu_order":0,"comment_status":"closed","ping_status":"closed","template":"","meta":{"_acf_changed":false,"footnotes":""},"class_list":["post-1299","page","type-page","status-publish","hentry"],"acf":[],"yoast_head":"<!-- This site is optimized with the Yoast SEO plugin v24.9 - https:\/\/yoast.com\/wordpress\/plugins\/seo\/ -->\n<title>Links - Sygene<\/title>\n<meta name=\"robots\" content=\"index, follow, max-snippet:-1, max-image-preview:large, max-video-preview:-1\" \/>\n<link rel=\"canonical\" href=\"https:\/\/www.sygene.fr\/en\/links\/\" \/>\n<meta property=\"og:locale\" content=\"en_US\" \/>\n<meta property=\"og:type\" content=\"article\" \/>\n<meta property=\"og:title\" content=\"Links - Sygene\" \/>\n<meta property=\"og:description\" content=\"Do you want to prove rights of ownership or use of a property, know the history of a house or a business?&nbsp;Find a family genealogy firm?&nbsp;Do you need to prove the legal title of a water intake?\" \/>\n<meta property=\"og:url\" content=\"https:\/\/www.sygene.fr\/en\/links\/\" \/>\n<meta property=\"og:site_name\" content=\"Sygene\" \/>\n<meta property=\"article:modified_time\" content=\"2022-10-10T11:22:40+00:00\" \/>\n<meta name=\"twitter:card\" content=\"summary_large_image\" \/>\n<meta name=\"twitter:label1\" content=\"Est. reading time\" \/>\n\t<meta name=\"twitter:data1\" content=\"1 minute\" \/>\n<script type=\"application\/ld+json\" class=\"yoast-schema-graph\">{\"@context\":\"https:\/\/schema.org\",\"@graph\":[{\"@type\":\"WebPage\",\"@id\":\"https:\/\/www.sygene.fr\/en\/links\/\",\"url\":\"https:\/\/www.sygene.fr\/en\/links\/\",\"name\":\"Links - Sygene\",\"isPartOf\":{\"@id\":\"https:\/\/www.sygene.fr\/en\/#website\"},\"datePublished\":\"2022-09-17T07:22:05+00:00\",\"dateModified\":\"2022-10-10T11:22:40+00:00\",\"breadcrumb\":{\"@id\":\"https:\/\/www.sygene.fr\/en\/links\/#breadcrumb\"},\"inLanguage\":\"en-US\",\"potentialAction\":[{\"@type\":\"ReadAction\",\"target\":[\"https:\/\/www.sygene.fr\/en\/links\/\"]}]},{\"@type\":\"BreadcrumbList\",\"@id\":\"https:\/\/www.sygene.fr\/en\/links\/#breadcrumb\",\"itemListElement\":[{\"@type\":\"ListItem\",\"position\":1,\"name\":\"Home\",\"item\":\"https:\/\/www.sygene.fr\/en\/\"},{\"@type\":\"ListItem\",\"position\":2,\"name\":\"Links\"}]},{\"@type\":\"WebSite\",\"@id\":\"https:\/\/www.sygene.fr\/en\/#website\",\"url\":\"https:\/\/www.sygene.fr\/en\/\",\"name\":\"Sygene\",\"description\":\"\",\"potentialAction\":[{\"@type\":\"SearchAction\",\"target\":{\"@type\":\"EntryPoint\",\"urlTemplate\":\"https:\/\/www.sygene.fr\/en\/?s={search_term_string}\"},\"query-input\":{\"@type\":\"PropertyValueSpecification\",\"valueRequired\":true,\"valueName\":\"search_term_string\"}}],\"inLanguage\":\"en-US\"}]}<\/script>\n<!-- \/ Yoast SEO plugin. -->","yoast_head_json":{"title":"Links - Sygene","robots":{"index":"index","follow":"follow","max-snippet":"max-snippet:-1","max-image-preview":"max-image-preview:large","max-video-preview":"max-video-preview:-1"},"canonical":"https:\/\/www.sygene.fr\/en\/links\/","og_locale":"en_US","og_type":"article","og_title":"Links - Sygene","og_description":"Do you want to prove rights of ownership or use of a property, know the history of a house or a business?&nbsp;Find a family genealogy firm?&nbsp;Do you need to prove the legal title of a water intake?","og_url":"https:\/\/www.sygene.fr\/en\/links\/","og_site_name":"Sygene","article_modified_time":"2022-10-10T11:22:40+00:00","twitter_card":"summary_large_image","twitter_misc":{"Est. reading time":"1 minute"},"schema":{"@context":"https:\/\/schema.org","@graph":[{"@type":"WebPage","@id":"https:\/\/www.sygene.fr\/en\/links\/","url":"https:\/\/www.sygene.fr\/en\/links\/","name":"Links - Sygene","isPartOf":{"@id":"https:\/\/www.sygene.fr\/en\/#website"},"datePublished":"2022-09-17T07:22:05+00:00","dateModified":"2022-10-10T11:22:40+00:00","breadcrumb":{"@id":"https:\/\/www.sygene.fr\/en\/links\/#breadcrumb"},"inLanguage":"en-US","potentialAction":[{"@type":"ReadAction","target":["https:\/\/www.sygene.fr\/en\/links\/"]}]},{"@type":"BreadcrumbList","@id":"https:\/\/www.sygene.fr\/en\/links\/#breadcrumb","itemListElement":[{"@type":"ListItem","position":1,"name":"Home","item":"https:\/\/www.sygene.fr\/en\/"},{"@type":"ListItem","position":2,"name":"Links"}]},{"@type":"WebSite","@id":"https:\/\/www.sygene.fr\/en\/#website","url":"https:\/\/www.sygene.fr\/en\/","name":"Sygene","description":"","potentialAction":[{"@type":"SearchAction","target":{"@type":"EntryPoint","urlTemplate":"https:\/\/www.sygene.fr\/en\/?s={search_term_string}"},"query-input":{"@type":"PropertyValueSpecification","valueRequired":true,"valueName":"search_term_string"}}],"inLanguage":"en-US"}]}},"_links":{"self":[{"href":"https:\/\/www.sygene.fr\/en\/wp-json\/wp\/v2\/pages\/1299","targetHints":{"allow":["GET"]}}],"collection":[{"href":"https:\/\/www.sygene.fr\/en\/wp-json\/wp\/v2\/pages"}],"about":[{"href":"https:\/\/www.sygene.fr\/en\/wp-json\/wp\/v2\/types\/page"}],"author":[{"embeddable":true,"href":"https:\/\/www.sygene.fr\/en\/wp-json\/wp\/v2\/users\/2"}],"replies":[{"embeddable":true,"href":"https:\/\/www.sygene.fr\/en\/wp-json\/wp\/v2\/comments?post=1299"}],"version-history":[{"count":12,"href":"https:\/\/www.sygene.fr\/en\/wp-json\/wp\/v2\/pages\/1299\/revisions"}],"predecessor-version":[{"id":1747,"href":"https:\/\/www.sygene.fr\/en\/wp-json\/wp\/v2\/pages\/1299\/revisions\/1747"}],"wp:attachment":[{"href":"https:\/\/www.sygene.fr\/en\/wp-json\/wp\/v2\/media?parent=1299"}],"curies":[{"name":"wp","href":"https:\/\/api.w.org\/{rel}","templated":true}]}}